{"id":8,"date":"2014-05-19T10:39:48","date_gmt":"2014-05-19T08:39:48","guid":{"rendered":"http:\/\/www.habyfast.se\/?page_id=8"},"modified":"2014-06-23T14:57:10","modified_gmt":"2014-06-23T12:57:10","slug":"8-2","status":"publish","type":"page","link":"http:\/\/www.habyfast.se\/","title":{"rendered":"Hem"},"content":{"rendered":"<p style=\"text-align: center;\">Hos oss\u00a0 finner ni final lokaler i olika storlekar i n\u00e4ra anslutning till alla resm\u00e5l och kunder!<\/p>\n<p style=\"text-align: center;\">Just nu har vi en ledig lokal p\u00e5 149 M2<\/p>\n<p style=\"text-align: center;\">Klicka p\u00e5 bilderna f\u00f6r b\u00e4ttre \u00f6versikt.<\/p>\n\n\t\t<style type=\"text\/css\">\n\t\t\t#gallery-1 {\n\t\t\t\tmargin: auto;\n\t\t\t}\n\t\t\t#gallery-1 .gallery-item {\n\t\t\t\tfloat: left;\n\t\t\t\tmargin-top: 10px;\n\t\t\t\ttext-align: center;\n\t\t\t\twidth: 20%;\n\t\t\t}\n\t\t\t#gallery-1 img {\n\t\t\t\tborder: 2px solid #cfcfcf;\n\t\t\t}\n\t\t\t#gallery-1 .gallery-caption {\n\t\t\t\tmargin-left: 0;\n\t\t\t}\n\t\t\t\/* see gallery_shortcode() in wp-includes\/media.php *\/\n\t\t<\/style>\n\t\t<div id='gallery-1' class='gallery galleryid-8 gallery-columns-5 gallery-size-thumbnail'><dl class='gallery-item'>\n\t\t\t<dt class='gallery-icon portrait'>\n\t\t\t\t<a href='http:\/\/www.habyfast.se\/?attachment_id=30'><img loading=\"lazy\" decoding=\"async\" width=\"150\" height=\"150\" src=\"http:\/\/www.habyfast.se\/wp-content\/uploads\/2014\/05\/bild-2-e1403528037768-150x150.jpg\" class=\"attachment-thumbnail size-thumbnail\" alt=\"\" \/><\/a>\n\t\t\t<\/dt><\/dl><dl class='gallery-item'>\n\t\t\t<dt class='gallery-icon portrait'>\n\t\t\t\t<a href='http:\/\/www.habyfast.se\/?attachment_id=29'><img loading=\"lazy\" decoding=\"async\" width=\"150\" height=\"150\" src=\"http:\/\/www.habyfast.se\/wp-content\/uploads\/2014\/05\/bild-1-e1403528022257-150x150.jpg\" class=\"attachment-thumbnail size-thumbnail\" alt=\"\" \/><\/a>\n\t\t\t<\/dt><\/dl><dl class='gallery-item'>\n\t\t\t<dt class='gallery-icon landscape'>\n\t\t\t\t<a href='http:\/\/www.habyfast.se\/?attachment_id=28'><img loading=\"lazy\" decoding=\"async\" width=\"150\" height=\"150\" src=\"http:\/\/www.habyfast.se\/wp-content\/uploads\/2014\/05\/bild-5-e1403528007277-150x150.jpg\" class=\"attachment-thumbnail size-thumbnail\" alt=\"\" \/><\/a>\n\t\t\t<\/dt><\/dl><dl class='gallery-item'>\n\t\t\t<dt class='gallery-icon portrait'>\n\t\t\t\t<a href='http:\/\/www.habyfast.se\/?attachment_id=27'><img loading=\"lazy\" decoding=\"async\" width=\"150\" height=\"150\" src=\"http:\/\/www.habyfast.se\/wp-content\/uploads\/2014\/05\/bild-3-e1403527952357-150x150.jpg\" class=\"attachment-thumbnail size-thumbnail\" alt=\"\" \/><\/a>\n\t\t\t<\/dt><\/dl><dl class='gallery-item'>\n\t\t\t<dt class='gallery-icon landscape'>\n\t\t\t\t<a href='http:\/\/www.habyfast.se\/?attachment_id=26'><img loading=\"lazy\" decoding=\"async\" width=\"150\" height=\"150\" src=\"http:\/\/www.habyfast.se\/wp-content\/uploads\/2014\/05\/bild-4-e1403527985678-150x150.jpg\" class=\"attachment-thumbnail size-thumbnail\" alt=\"\" \/><\/a>\n\t\t\t<\/dt><\/dl><br style=\"clear: both\" \/>\n\t\t<\/div>\n\n<p>&nbsp;<\/p>\n<p style=\"text-align: center;\">\n","protected":false},"excerpt":{"rendered":"<p>Hos oss\u00a0 finner ni final lokaler i olika storlekar i n\u00e4ra anslutning till alla resm\u00e5l och kunder! Just nu har vi en ledig lokal p\u00e5 149 M2 Klicka p\u00e5 bilderna f\u00f6r b\u00e4ttre \u00f6versikt. &nbsp;<\/p>\n","protected":false},"author":1,"featured_media":0,"parent":0,"menu_order":0,"comment_status":"closed","ping_status":"closed","template":"homepage-template.php","meta":{"footnotes":""},"class_list":["entry","page","publish","author-admin","post-8"],"_links":{"self":[{"href":"http:\/\/www.habyfast.se\/index.php?rest_route=\/wp\/v2\/pages\/8","targetHints":{"allow":["GET"]}}],"collection":[{"href":"http:\/\/www.habyfast.se\/index.php?rest_route=\/wp\/v2\/pages"}],"about":[{"href":"http:\/\/www.habyfast.se\/index.php?rest_route=\/wp\/v2\/types\/page"}],"author":[{"embeddable":true,"href":"http:\/\/www.habyfast.se\/index.php?rest_route=\/wp\/v2\/users\/1"}],"replies":[{"embeddable":true,"href":"http:\/\/www.habyfast.se\/index.php?rest_route=%2Fwp%2Fv2%2Fcomments&post=8"}],"version-history":[{"count":5,"href":"http:\/\/www.habyfast.se\/index.php?rest_route=\/wp\/v2\/pages\/8\/revisions"}],"predecessor-version":[{"id":34,"href":"http:\/\/www.habyfast.se\/index.php?rest_route=\/wp\/v2\/pages\/8\/revisions\/34"}],"wp:attachment":[{"href":"http:\/\/www.habyfast.se\/index.php?rest_route=%2Fwp%2Fv2%2Fmedia&parent=8"}],"curies":[{"name":"wp","href":"https:\/\/api.w.org\/{rel}","templated":true}]}}